{"id":11459,"date":"2023-11-06T08:00:20","date_gmt":"2023-11-06T08:00:20","guid":{"rendered":"https:\/\/www.efleaconnect.com\/?post_type=product&#038;p=11459"},"modified":"2024-12-14T11:14:21","modified_gmt":"2024-12-14T11:14:21","slug":"eflea-connect-cle-electronique","status":"publish","type":"product","link":"https:\/\/www.efleaconnect.com\/en\/product\/eflea-connect-cle-electronique\/","title":{"rendered":"Eflea Connect Hot Spots"},"content":{"rendered":"<div id=\"videofr\" style=\"padding: 56.26% 0 0 0; position: relative;\"><iframe style=\"position: absolute; top: 0; left: 0; width: 100%; height: 100%;\" src=\"https:\/\/player.vimeo.com\/video\/882490277?h=49147ea944&amp;color=2eb45b&amp;title=0&amp;byline=0&amp;portrait=0\" frameborder=\"0\" allowfullscreen=\"allowfullscreen\"><\/iframe><\/div>\n<p><script src=\"https:\/\/player.vimeo.com\/api\/player.js\"><\/script><\/p>\n<div id=\"videoen\" class=\"displaynon\" style=\"padding: 56.26% 0 0 0; position: relative;\"><iframe style=\"position: absolute; top: 0; left: 0; width: 100%; height: 100%;\" src=\"https:\/\/player.vimeo.com\/video\/882490236?h=49147ea944&amp;color=2eb45b&amp;title=0&amp;byline=0&amp;portrait=0\" frameborder=\"0\" allowfullscreen=\"allowfullscreen\"><\/iframe><\/div>\n<p><script src=\"https:\/\/player.vimeo.com\/api\/player.js\"><\/script><\/p>\n<hr \/>\n<p>Stay connected wherever you are, at home, on the move or abroad, in over 150 countries worldwide. Our Eflea dongle comes with an integrated smart SIM card, giving you instant connectivity without the hassle of contracts or roaming charges.<\/p>\n<p>With Eflea, the freedom to stay connected is in your hands. Enjoy a seamless experience wherever you go, thanks to our cutting-edge technology and reliable global network.<\/p>\n<table>\n<tbody>\n<tr>\n<td rowspan=\"2\"><b>Hardware Platform<\/b><\/td>\n<td>Chipset<\/td>\n<td>ASR1803<\/td>\n<\/tr>\n<tr>\n<td>Memory<\/td>\n<td>128Mb Norflash SDR 256Mbit<\/td>\n<\/tr>\n<tr>\n<td rowspan=\"2\"><b>Protocol<\/b><\/td>\n<td>LTE TDD\/FDD<\/td>\n<td>3GPP R9 Cat. 4, Downlink\/Uplink up to 150Mbps\/50Mbps<\/td>\n<\/tr>\n<tr>\n<td>WCDMA<\/td>\n<td>3GPP R7 Downlink\/Uplink up to 21Mbps\/5.76Mbps<\/td>\n<\/tr>\n<tr>\n<td rowspan=\"3\"><b>RF BAND<\/b><\/td>\n<td>FDD LTE<\/td>\n<td>1\/ 2\/3 \/4\/5 7\/8\/20\/28\/66\/<\/td>\n<\/tr>\n<tr>\n<td>TDD-LTE<\/td>\n<td>38\/40\/41<\/td>\n<\/tr>\n<tr>\n<td>WCDMA<\/td>\n<td>1\/3<\/td>\n<\/tr>\n<tr>\n<td rowspan=\"3\"><b>WIFI Protocol<\/b><\/td>\n<td>IEEE 802.11n<\/td>\n<td>Support<\/td>\n<\/tr>\n<tr>\n<td>IEEE 802.11g<\/td>\n<td>Support<\/td>\n<\/tr>\n<tr>\n<td>IEEE 802.11b<\/td>\n<td>Support<\/td>\n<\/tr>\n<tr>\n<td><b>Frequency<\/b><\/td>\n<td>2.4G<\/td>\n<td>1~13 channel<\/td>\n<\/tr>\n<tr>\n<td><b>Antenna<\/b><\/td>\n<td>Internal Antenna connector<\/td>\n<td>LTE Main*1\/Diversity antenna*1 WIFI antenna*1<\/td>\n<\/tr>\n<tr>\n<td rowspan=\"3\"><b>External Interface<\/b><\/td>\n<td>SIM card slot<\/td>\n<td>Micro SIM card<\/td>\n<\/tr>\n<tr>\n<td>Power interface<\/td>\n<td>Standard USB Type A<\/td>\n<\/tr>\n<tr>\n<td>Reset button<\/td>\n<td>Support<\/td>\n<\/tr>\n<tr>\n<td><b>Indicator<\/b><\/td>\n<td>LED indicator<\/td>\n<td>WIFI\/Connection *1<\/td>\n<\/tr>\n<tr>\n<td><b>Power Supply<\/b><\/td>\n<td>USB input<\/td>\n<td>5V\/1A<\/td>\n<\/tr>\n<tr>\n<td colspan=\"3\"><b>Software\u00a0<\/b><\/td>\n<\/tr>\n<tr>\n<td rowspan=\"10\"><b>WEB UI<\/b><\/td>\n<td colspan=\"2\"><b>Standard WEB UI<\/b><\/td>\n<\/tr>\n<tr>\n<td>Quick Setup<\/td>\n<td>support<\/td>\n<\/tr>\n<tr>\n<td>Dashboard\uff08Device Status\uff09<\/td>\n<td>support<\/td>\n<\/tr>\n<tr>\n<td>Internet Settings<\/td>\n<td>support<\/td>\n<\/tr>\n<tr>\n<td>Home Network Settings<\/td>\n<td>support<\/td>\n<\/tr>\n<tr>\n<td>Wireless Settings<\/td>\n<td>support<\/td>\n<\/tr>\n<tr>\n<td>Router Settings<\/td>\n<td>support<\/td>\n<\/tr>\n<tr>\n<td>System Settings<\/td>\n<td>support<\/td>\n<\/tr>\n<tr>\n<td>SMS<\/td>\n<td>support<\/td>\n<\/tr>\n<tr>\n<td>Phonebook<\/td>\n<td>Support<\/td>\n<\/tr>\n<tr>\n<td><b>System upgrade<\/b><\/td>\n<td>Firmware upgrade<\/td>\n<td>support<\/td>\n<\/tr>\n<tr>\n<td><b>Operation System<\/b><\/td>\n<td colspan=\"2\">WIN7(32bit\/64bit)\u3001WIN8,WIN10,Mac OS X10.6 and above version<\/td>\n<\/tr>\n<tr>\n<td rowspan=\"2\"><b>Environment<\/b><\/td>\n<td>Working Temperature<\/td>\n<td>0~45\u2103<\/td>\n<\/tr>\n<tr>\n<td>Storage Temperature<\/td>\n<td>-20~70\u2103<\/td>\n<\/tr>\n<\/tbody>\n<\/table>\n<p>&nbsp;<\/p>","protected":false},"excerpt":{"rendered":"<p><em><strong>Initial purchase of Hot Spot at $99.50<\/strong><\/em><\/p>\n<p><strong>Connectivity fee is $20.00 every 4 weeks, with 4 weeks included in your purchase.<\/strong><\/p>\n<p>Let the Eflea electronic key turn your car, computer, tablet and other electronic devices into a smart device.<\/p>","protected":false},"featured_media":11504,"template":"","meta":[],"product_brand":[],"product_cat":[68],"product_tag":[],"class_list":{"0":"post-11459","1":"product","2":"type-product","3":"status-publish","4":"has-post-thumbnail","6":"product_cat-eflea","8":"first","9":"outofstock","10":"taxable","11":"shipping-taxable","12":"purchasable","13":"product-type-subscription"},"yoast_head":"<!-- This site is optimized with the Yoast SEO Premium plugin v21.7 (Yoast SEO v21.7) - https:\/\/yoast.com\/wordpress\/plugins\/seo\/ -->\n<title>Eflea Connect Cl\u00e9 \u00e9lectronique - Eflea Connect<\/title>\n<meta name=\"description\" content=\"Eflea Connect Cl\u00e9 \u00e9lectronique -\" \/>\n<meta name=\"robots\" content=\"index, follow, max-snippet:-1, max-image-preview:large, max-video-preview:-1\" \/>\n<link rel=\"canonical\" href=\"https:\/\/www.efleaconnect.com\/en\/product\/eflea-connect-cle-electronique\/\" \/>\n<meta property=\"og:locale\" content=\"en_US\" \/>\n<meta property=\"og:type\" content=\"article\" \/>\n<meta property=\"og:title\" content=\"Eflea Connect Cl\u00e9 \u00e9lectronique\" \/>\n<meta property=\"og:description\" content=\"Eflea Connect Cl\u00e9 \u00e9lectronique -\" \/>\n<meta property=\"og:url\" content=\"https:\/\/www.efleaconnect.com\/en\/product\/eflea-connect-cle-electronique\/\" \/>\n<meta property=\"og:site_name\" content=\"Eflea Connect\" \/>\n<meta property=\"article:modified_time\" content=\"2024-12-14T11:14:21+00:00\" \/>\n<meta property=\"og:image\" content=\"https:\/\/www.efleaconnect.com\/wp-content\/uploads\/2023\/11\/Untitled-design.png\" \/>\n\t<meta property=\"og:image:width\" content=\"800\" \/>\n\t<meta property=\"og:image:height\" content=\"800\" \/>\n\t<meta property=\"og:image:type\" content=\"image\/png\" \/>\n<meta name=\"twitter:card\" content=\"summary_large_image\" \/>\n<meta name=\"twitter:label1\" content=\"Est. reading time\" \/>\n\t<meta name=\"twitter:data1\" content=\"2 minutes\" \/>\n<script type=\"application\/ld+json\" class=\"yoast-schema-graph\">{\"@context\":\"https:\/\/schema.org\",\"@graph\":[{\"@type\":\"WebPage\",\"@id\":\"https:\/\/www.efleaconnect.com\/product\/eflea-connect-cle-electronique\/\",\"url\":\"https:\/\/www.efleaconnect.com\/product\/eflea-connect-cle-electronique\/\",\"name\":\"Eflea Connect Cl\u00e9 \u00e9lectronique - Eflea Connect\",\"isPartOf\":{\"@id\":\"https:\/\/www.efleaconnect.com\/#website\"},\"datePublished\":\"2023-11-06T08:00:20+00:00\",\"dateModified\":\"2024-12-14T11:14:21+00:00\",\"description\":\"Eflea Connect Cl\u00e9 \u00e9lectronique -\",\"breadcrumb\":{\"@id\":\"https:\/\/www.efleaconnect.com\/product\/eflea-connect-cle-electronique\/#breadcrumb\"},\"inLanguage\":\"en-US\",\"potentialAction\":[{\"@type\":\"ReadAction\",\"target\":[\"https:\/\/www.efleaconnect.com\/product\/eflea-connect-cle-electronique\/\"]}]},{\"@type\":\"BreadcrumbList\",\"@id\":\"https:\/\/www.efleaconnect.com\/product\/eflea-connect-cle-electronique\/#breadcrumb\",\"itemListElement\":[{\"@type\":\"ListItem\",\"position\":1,\"name\":\"Accueil\",\"item\":\"https:\/\/www.efleaconnect.com\/\"},{\"@type\":\"ListItem\",\"position\":2,\"name\":\"Shop\",\"item\":\"https:\/\/www.efleaconnect.com\/shop\/\"},{\"@type\":\"ListItem\",\"position\":3,\"name\":\"Eflea Connect Cl\u00e9 \u00e9lectronique\"}]},{\"@type\":\"WebSite\",\"@id\":\"https:\/\/www.efleaconnect.com\/#website\",\"url\":\"https:\/\/www.efleaconnect.com\/\",\"name\":\"Eflea Connect\",\"description\":\"Une Connectivit\u00e9 Sans Fronti\u00e8res, M\u00eame en Voiture\",\"publisher\":{\"@id\":\"https:\/\/www.efleaconnect.com\/#organization\"},\"alternateName\":\"Eflea Connect\",\"potentialAction\":[{\"@type\":\"SearchAction\",\"target\":{\"@type\":\"EntryPoint\",\"urlTemplate\":\"https:\/\/www.efleaconnect.com\/?s={search_term_string}\"},\"query-input\":\"required name=search_term_string\"}],\"inLanguage\":\"en-US\"},{\"@type\":\"Organization\",\"@id\":\"https:\/\/www.efleaconnect.com\/#organization\",\"name\":\"EfleaConnect\",\"alternateName\":\"Une Connectivit\u00e9 Sans Fronti\u00e8res, M\u00eame en Voiture\",\"url\":\"https:\/\/www.efleaconnect.com\/\",\"logo\":{\"@type\":\"ImageObject\",\"inLanguage\":\"en-US\",\"@id\":\"https:\/\/www.efleaconnect.com\/#\/schema\/logo\/image\/\",\"url\":\"https:\/\/www.efleaconnect.com\/wp-content\/uploads\/2023\/10\/9.png\",\"contentUrl\":\"https:\/\/www.efleaconnect.com\/wp-content\/uploads\/2023\/10\/9.png\",\"width\":900,\"height\":900,\"caption\":\"EfleaConnect\"},\"image\":{\"@id\":\"https:\/\/www.efleaconnect.com\/#\/schema\/logo\/image\/\"}}]}<\/script>\n<!-- \/ Yoast SEO Premium plugin. -->","yoast_head_json":{"title":"Eflea Connect Cl\u00e9 \u00e9lectronique - Eflea Connect","description":"Eflea Connect Cl\u00e9 \u00e9lectronique -","robots":{"index":"index","follow":"follow","max-snippet":"max-snippet:-1","max-image-preview":"max-image-preview:large","max-video-preview":"max-video-preview:-1"},"canonical":"https:\/\/www.efleaconnect.com\/en\/product\/eflea-connect-cle-electronique\/","og_locale":"en_US","og_type":"article","og_title":"Eflea Connect Cl\u00e9 \u00e9lectronique","og_description":"Eflea Connect Cl\u00e9 \u00e9lectronique -","og_url":"https:\/\/www.efleaconnect.com\/en\/product\/eflea-connect-cle-electronique\/","og_site_name":"Eflea Connect","article_modified_time":"2024-12-14T11:14:21+00:00","og_image":[{"width":800,"height":800,"url":"https:\/\/www.efleaconnect.com\/wp-content\/uploads\/2023\/11\/Untitled-design.png","type":"image\/png"}],"twitter_card":"summary_large_image","twitter_misc":{"Est. reading time":"2 minutes"},"schema":{"@context":"https:\/\/schema.org","@graph":[{"@type":"WebPage","@id":"https:\/\/www.efleaconnect.com\/product\/eflea-connect-cle-electronique\/","url":"https:\/\/www.efleaconnect.com\/product\/eflea-connect-cle-electronique\/","name":"Eflea Connect Cl\u00e9 \u00e9lectronique - Eflea Connect","isPartOf":{"@id":"https:\/\/www.efleaconnect.com\/#website"},"datePublished":"2023-11-06T08:00:20+00:00","dateModified":"2024-12-14T11:14:21+00:00","description":"Eflea Connect Cl\u00e9 \u00e9lectronique -","breadcrumb":{"@id":"https:\/\/www.efleaconnect.com\/product\/eflea-connect-cle-electronique\/#breadcrumb"},"inLanguage":"en-US","potentialAction":[{"@type":"ReadAction","target":["https:\/\/www.efleaconnect.com\/product\/eflea-connect-cle-electronique\/"]}]},{"@type":"BreadcrumbList","@id":"https:\/\/www.efleaconnect.com\/product\/eflea-connect-cle-electronique\/#breadcrumb","itemListElement":[{"@type":"ListItem","position":1,"name":"Accueil","item":"https:\/\/www.efleaconnect.com\/"},{"@type":"ListItem","position":2,"name":"Shop","item":"https:\/\/www.efleaconnect.com\/shop\/"},{"@type":"ListItem","position":3,"name":"Eflea Connect Cl\u00e9 \u00e9lectronique"}]},{"@type":"WebSite","@id":"https:\/\/www.efleaconnect.com\/#website","url":"https:\/\/www.efleaconnect.com\/","name":"Eflea Connect","description":"Une Connectivit\u00e9 Sans Fronti\u00e8res, M\u00eame en Voiture","publisher":{"@id":"https:\/\/www.efleaconnect.com\/#organization"},"alternateName":"Eflea Connect","potentialAction":[{"@type":"SearchAction","target":{"@type":"EntryPoint","urlTemplate":"https:\/\/www.efleaconnect.com\/?s={search_term_string}"},"query-input":"required name=search_term_string"}],"inLanguage":"en-US"},{"@type":"Organization","@id":"https:\/\/www.efleaconnect.com\/#organization","name":"EfleaConnect","alternateName":"Une Connectivit\u00e9 Sans Fronti\u00e8res, M\u00eame en Voiture","url":"https:\/\/www.efleaconnect.com\/","logo":{"@type":"ImageObject","inLanguage":"en-US","@id":"https:\/\/www.efleaconnect.com\/#\/schema\/logo\/image\/","url":"https:\/\/www.efleaconnect.com\/wp-content\/uploads\/2023\/10\/9.png","contentUrl":"https:\/\/www.efleaconnect.com\/wp-content\/uploads\/2023\/10\/9.png","width":900,"height":900,"caption":"EfleaConnect"},"image":{"@id":"https:\/\/www.efleaconnect.com\/#\/schema\/logo\/image\/"}}]}},"jetpack_sharing_enabled":true,"_links":{"self":[{"href":"https:\/\/www.efleaconnect.com\/en\/wp-json\/wp\/v2\/product\/11459","targetHints":{"allow":["GET"]}}],"collection":[{"href":"https:\/\/www.efleaconnect.com\/en\/wp-json\/wp\/v2\/product"}],"about":[{"href":"https:\/\/www.efleaconnect.com\/en\/wp-json\/wp\/v2\/types\/product"}],"wp:featuredmedia":[{"embeddable":true,"href":"https:\/\/www.efleaconnect.com\/en\/wp-json\/wp\/v2\/media\/11504"}],"wp:attachment":[{"href":"https:\/\/www.efleaconnect.com\/en\/wp-json\/wp\/v2\/media?parent=11459"}],"wp:term":[{"taxonomy":"product_brand","embeddable":true,"href":"https:\/\/www.efleaconnect.com\/en\/wp-json\/wp\/v2\/product_brand?post=11459"},{"taxonomy":"product_cat","embeddable":true,"href":"https:\/\/www.efleaconnect.com\/en\/wp-json\/wp\/v2\/product_cat?post=11459"},{"taxonomy":"product_tag","embeddable":true,"href":"https:\/\/www.efleaconnect.com\/en\/wp-json\/wp\/v2\/product_tag?post=11459"}],"curies":[{"name":"wp","href":"https:\/\/api.w.org\/{rel}","templated":true}]}}