{"id":10540,"date":"2023-07-14T12:47:23","date_gmt":"2023-07-14T12:47:23","guid":{"rendered":"http:\/\/www.efleaconnect.com\/?post_type=product&#038;p=10540"},"modified":"2024-05-20T15:32:42","modified_gmt":"2024-05-20T15:32:42","slug":"eflea-connect","status":"publish","type":"product","link":"https:\/\/www.efleaconnect.com\/en\/product\/subscription-eflea\/","title":{"rendered":"Smart SIM card"},"content":{"rendered":"","protected":false},"excerpt":{"rendered":"<h3><em><strong>The monthly fee is <span class=\"woocommerce-Price-amount amount\"><bdi><span class=\"woocommerce-Price-currencySymbol\">$<\/span>20.00<\/bdi><\/span> per month.<\/strong><\/em><\/h3>\n<p>With our smart SIM card, you're connected to the best network, wherever you are, in over 150 countries.<\/p>\n<p>Your data is secure thanks to blockchain, and our flexible options adapt to your lifestyle, even when you're in the car.<\/p>","protected":false},"featured_media":11331,"template":"","meta":[],"product_brand":[],"product_cat":[68],"product_tag":[],"class_list":{"0":"post-10540","1":"product","2":"type-product","3":"status-publish","4":"has-post-thumbnail","6":"product_cat-eflea","7":"product_shipping_class-free-shipping","9":"first","10":"outofstock","11":"taxable","12":"shipping-taxable","13":"purchasable","14":"product-type-subscription"},"yoast_head":"<!-- This site is optimized with the Yoast SEO Premium plugin v21.7 (Yoast SEO v21.7) - https:\/\/yoast.com\/wordpress\/plugins\/seo\/ -->\n<title>Carte SIM intelligente - Eflea Connect<\/title>\n<meta name=\"description\" content=\"Carte SIM intelligente -\" \/>\n<meta name=\"robots\" content=\"index, follow, max-snippet:-1, max-image-preview:large, max-video-preview:-1\" \/>\n<link rel=\"canonical\" href=\"https:\/\/www.efleaconnect.com\/en\/product\/subscription-eflea\/\" \/>\n<meta property=\"og:locale\" content=\"en_US\" \/>\n<meta property=\"og:type\" content=\"article\" \/>\n<meta property=\"og:title\" content=\"Carte SIM intelligente\" \/>\n<meta property=\"og:description\" content=\"Carte SIM intelligente -\" \/>\n<meta property=\"og:url\" content=\"https:\/\/www.efleaconnect.com\/en\/product\/subscription-eflea\/\" \/>\n<meta property=\"og:site_name\" content=\"Eflea Connect\" \/>\n<meta property=\"article:modified_time\" content=\"2024-05-20T15:32:42+00:00\" \/>\n<meta property=\"og:image\" content=\"https:\/\/www.efleaconnect.com\/wp-content\/uploads\/2023\/10\/4-1.png\" \/>\n\t<meta property=\"og:image:width\" content=\"900\" \/>\n\t<meta property=\"og:image:height\" content=\"900\" \/>\n\t<meta property=\"og:image:type\" content=\"image\/png\" \/>\n<meta name=\"twitter:card\" content=\"summary_large_image\" \/>\n<meta name=\"twitter:label1\" content=\"Est. reading time\" \/>\n\t<meta name=\"twitter:data1\" content=\"1 minute\" \/>\n<script type=\"application\/ld+json\" class=\"yoast-schema-graph\">{\"@context\":\"https:\/\/schema.org\",\"@graph\":[{\"@type\":\"WebPage\",\"@id\":\"https:\/\/www.efleaconnect.com\/product\/eflea-connect\/\",\"url\":\"https:\/\/www.efleaconnect.com\/product\/eflea-connect\/\",\"name\":\"Carte SIM intelligente - Eflea Connect\",\"isPartOf\":{\"@id\":\"https:\/\/www.efleaconnect.com\/#website\"},\"datePublished\":\"2023-07-14T12:47:23+00:00\",\"dateModified\":\"2024-05-20T15:32:42+00:00\",\"description\":\"Carte SIM intelligente -\",\"breadcrumb\":{\"@id\":\"https:\/\/www.efleaconnect.com\/product\/eflea-connect\/#breadcrumb\"},\"inLanguage\":\"en-US\",\"potentialAction\":[{\"@type\":\"ReadAction\",\"target\":[\"https:\/\/www.efleaconnect.com\/product\/eflea-connect\/\"]}]},{\"@type\":\"BreadcrumbList\",\"@id\":\"https:\/\/www.efleaconnect.com\/product\/eflea-connect\/#breadcrumb\",\"itemListElement\":[{\"@type\":\"ListItem\",\"position\":1,\"name\":\"Accueil\",\"item\":\"https:\/\/www.efleaconnect.com\/\"},{\"@type\":\"ListItem\",\"position\":2,\"name\":\"Shop\",\"item\":\"https:\/\/www.efleaconnect.com\/shop\/\"},{\"@type\":\"ListItem\",\"position\":3,\"name\":\"Carte SIM intelligente\"}]},{\"@type\":\"WebSite\",\"@id\":\"https:\/\/www.efleaconnect.com\/#website\",\"url\":\"https:\/\/www.efleaconnect.com\/\",\"name\":\"Eflea Connect\",\"description\":\"Une Connectivit\u00e9 Sans Fronti\u00e8res, M\u00eame en Voiture\",\"publisher\":{\"@id\":\"https:\/\/www.efleaconnect.com\/#organization\"},\"alternateName\":\"Eflea Connect\",\"potentialAction\":[{\"@type\":\"SearchAction\",\"target\":{\"@type\":\"EntryPoint\",\"urlTemplate\":\"https:\/\/www.efleaconnect.com\/?s={search_term_string}\"},\"query-input\":\"required name=search_term_string\"}],\"inLanguage\":\"en-US\"},{\"@type\":\"Organization\",\"@id\":\"https:\/\/www.efleaconnect.com\/#organization\",\"name\":\"EfleaConnect\",\"alternateName\":\"Une Connectivit\u00e9 Sans Fronti\u00e8res, M\u00eame en Voiture\",\"url\":\"https:\/\/www.efleaconnect.com\/\",\"logo\":{\"@type\":\"ImageObject\",\"inLanguage\":\"en-US\",\"@id\":\"https:\/\/www.efleaconnect.com\/#\/schema\/logo\/image\/\",\"url\":\"https:\/\/www.efleaconnect.com\/wp-content\/uploads\/2023\/10\/9.png\",\"contentUrl\":\"https:\/\/www.efleaconnect.com\/wp-content\/uploads\/2023\/10\/9.png\",\"width\":900,\"height\":900,\"caption\":\"EfleaConnect\"},\"image\":{\"@id\":\"https:\/\/www.efleaconnect.com\/#\/schema\/logo\/image\/\"}}]}<\/script>\n<!-- \/ Yoast SEO Premium plugin. -->","yoast_head_json":{"title":"Carte SIM intelligente - Eflea Connect","description":"Carte SIM intelligente -","robots":{"index":"index","follow":"follow","max-snippet":"max-snippet:-1","max-image-preview":"max-image-preview:large","max-video-preview":"max-video-preview:-1"},"canonical":"https:\/\/www.efleaconnect.com\/en\/product\/subscription-eflea\/","og_locale":"en_US","og_type":"article","og_title":"Carte SIM intelligente","og_description":"Carte SIM intelligente -","og_url":"https:\/\/www.efleaconnect.com\/en\/product\/subscription-eflea\/","og_site_name":"Eflea Connect","article_modified_time":"2024-05-20T15:32:42+00:00","og_image":[{"width":900,"height":900,"url":"https:\/\/www.efleaconnect.com\/wp-content\/uploads\/2023\/10\/4-1.png","type":"image\/png"}],"twitter_card":"summary_large_image","twitter_misc":{"Est. reading time":"1 minute"},"schema":{"@context":"https:\/\/schema.org","@graph":[{"@type":"WebPage","@id":"https:\/\/www.efleaconnect.com\/product\/eflea-connect\/","url":"https:\/\/www.efleaconnect.com\/product\/eflea-connect\/","name":"Carte SIM intelligente - Eflea Connect","isPartOf":{"@id":"https:\/\/www.efleaconnect.com\/#website"},"datePublished":"2023-07-14T12:47:23+00:00","dateModified":"2024-05-20T15:32:42+00:00","description":"Carte SIM intelligente -","breadcrumb":{"@id":"https:\/\/www.efleaconnect.com\/product\/eflea-connect\/#breadcrumb"},"inLanguage":"en-US","potentialAction":[{"@type":"ReadAction","target":["https:\/\/www.efleaconnect.com\/product\/eflea-connect\/"]}]},{"@type":"BreadcrumbList","@id":"https:\/\/www.efleaconnect.com\/product\/eflea-connect\/#breadcrumb","itemListElement":[{"@type":"ListItem","position":1,"name":"Accueil","item":"https:\/\/www.efleaconnect.com\/"},{"@type":"ListItem","position":2,"name":"Shop","item":"https:\/\/www.efleaconnect.com\/shop\/"},{"@type":"ListItem","position":3,"name":"Carte SIM intelligente"}]},{"@type":"WebSite","@id":"https:\/\/www.efleaconnect.com\/#website","url":"https:\/\/www.efleaconnect.com\/","name":"Eflea Connect","description":"Une Connectivit\u00e9 Sans Fronti\u00e8res, M\u00eame en Voiture","publisher":{"@id":"https:\/\/www.efleaconnect.com\/#organization"},"alternateName":"Eflea Connect","potentialAction":[{"@type":"SearchAction","target":{"@type":"EntryPoint","urlTemplate":"https:\/\/www.efleaconnect.com\/?s={search_term_string}"},"query-input":"required name=search_term_string"}],"inLanguage":"en-US"},{"@type":"Organization","@id":"https:\/\/www.efleaconnect.com\/#organization","name":"EfleaConnect","alternateName":"Une Connectivit\u00e9 Sans Fronti\u00e8res, M\u00eame en Voiture","url":"https:\/\/www.efleaconnect.com\/","logo":{"@type":"ImageObject","inLanguage":"en-US","@id":"https:\/\/www.efleaconnect.com\/#\/schema\/logo\/image\/","url":"https:\/\/www.efleaconnect.com\/wp-content\/uploads\/2023\/10\/9.png","contentUrl":"https:\/\/www.efleaconnect.com\/wp-content\/uploads\/2023\/10\/9.png","width":900,"height":900,"caption":"EfleaConnect"},"image":{"@id":"https:\/\/www.efleaconnect.com\/#\/schema\/logo\/image\/"}}]}},"jetpack_sharing_enabled":true,"_links":{"self":[{"href":"https:\/\/www.efleaconnect.com\/en\/wp-json\/wp\/v2\/product\/10540","targetHints":{"allow":["GET"]}}],"collection":[{"href":"https:\/\/www.efleaconnect.com\/en\/wp-json\/wp\/v2\/product"}],"about":[{"href":"https:\/\/www.efleaconnect.com\/en\/wp-json\/wp\/v2\/types\/product"}],"wp:featuredmedia":[{"embeddable":true,"href":"https:\/\/www.efleaconnect.com\/en\/wp-json\/wp\/v2\/media\/11331"}],"wp:attachment":[{"href":"https:\/\/www.efleaconnect.com\/en\/wp-json\/wp\/v2\/media?parent=10540"}],"wp:term":[{"taxonomy":"product_brand","embeddable":true,"href":"https:\/\/www.efleaconnect.com\/en\/wp-json\/wp\/v2\/product_brand?post=10540"},{"taxonomy":"product_cat","embeddable":true,"href":"https:\/\/www.efleaconnect.com\/en\/wp-json\/wp\/v2\/product_cat?post=10540"},{"taxonomy":"product_tag","embeddable":true,"href":"https:\/\/www.efleaconnect.com\/en\/wp-json\/wp\/v2\/product_tag?post=10540"}],"curies":[{"name":"wp","href":"https:\/\/api.w.org\/{rel}","templated":true}]}}