{"id":79,"date":"2022-06-11T20:13:42","date_gmt":"2022-06-11T20:13:42","guid":{"rendered":"http:\/\/localhost:8888\/test\/?page_id=545"},"modified":"2023-10-31T14:30:55","modified_gmt":"2023-10-31T14:30:55","slug":"faq","status":"publish","type":"page","link":"https:\/\/www.efleaconnect.com\/en\/faq\/","title":{"rendered":"FAQ"},"content":{"rendered":"<div id=\"page-header-1354321085\" class=\"page-header-wrapper\">\n  <div class=\"page-title dark featured-title\">\n\n        <div class=\"page-title-bg\">\n      <div class=\"title-bg fill bg-fill\"\n        data-parallax-container=\".page-title\"\n        data-parallax-background\n data-parallax=\"-\">\n      <\/div>\n      <div class=\"title-overlay fill\"><\/div>\n    <\/div>\n    \n    <div class=\"page-title-inner container align-center flex-row medium-flex-wrap\" >\n              <div class=\"title-wrapper flex-col text-left medium-text-center\">\n          <h1 class=\"entry-title mb-0\">\n            FAQ          <\/h1>\n        <\/div>\n                    <div class=\"title-content flex-col flex-right text-right medium-text-center\">\n        <div class=\"title-breadcrumbs pb-half pt-half\"><nav class=\"woocommerce-breadcrumb breadcrumbs uppercase\" data-no-translation=\"\" data-trp-gettext=\"\">Home<\/nav><\/div>      <\/div>\n    <\/div>\n\n     \n<style>\n#page-header-1354321085 .featured-title {\n  background-color: #404b25;\n}\n<\/style>\n  <\/div>\n    <\/div>\n  \n\n\t<section class=\"section\" id=\"section_1800961195\">\n\t\t<div class=\"bg section-bg fill bg-fill  bg-loaded\" >\n\n\t\t\t\n\t\t\t\n\t\t\t\n\n\t\t<\/div>\n\n\t\t\n\n\t\t<div class=\"section-content relative\">\n\t\t\t\n\n<div class=\"row\"  id=\"row-1558322566\">\n\n\n\t<div id=\"col-38137670\" class=\"col small-12 large-12\"  >\n\t\t\t\t<div class=\"col-inner text-center\"  >\n\t\t\t\n\t\t\t\n\n<h2>FAQ EfleaConnect<\/h2>\n\n\t\t<\/div>\n\t\t\t\t\t<\/div>\n\n\t\n\n<\/div>\n<div class=\"row align-equal row-solid\"  id=\"row-1178905924\">\n\n\n\t<div id=\"col-559773710\" class=\"col medium-6 small-12 large-6\"  >\n\t\t\t\t<div class=\"col-inner\"  >\n\t\t\t\n\t\t\t\n\n<h3>Do I have to sign a contract?<br \/>\n<\/h3>\n<p>NO, there is no contract with Efleaconnect, no credit check.<\/p>\n\n\t\t<\/div>\n\t\t\t\t\t<\/div>\n\n\t\n\n\t<div id=\"col-1212569913\" class=\"col medium-6 small-12 large-6\"  >\n\t\t\t\t<div class=\"col-inner\"  >\n\t\t\t\n\t\t\t\n\n<h3>Can I interrupt the service?<\/p>\n<\/h3>\n<p>YES, you can interrupt and resume the service at any time, free of charge.<\/p>\n\n\t\t<\/div>\n\t\t\t\t\t<\/div>\n\n\t\n\n\t<div id=\"col-1970579669\" class=\"col medium-6 small-12 large-6\"  >\n\t\t\t\t<div class=\"col-inner\"  >\n\t\t\t\n\t\t\t\n\n<h3>Is my phone number visible? <\/p>\n<\/h3>\n<p>NO there is no phone number associated with eflea? phone.<\/p>\n\n\t\t<\/div>\n\t\t\t\t\t<\/div>\n\n\t\n\n\t<div id=\"col-1844235619\" class=\"col medium-6 small-12 large-6\"  >\n\t\t\t\t<div class=\"col-inner\"  >\n\t\t\t\n\t\t\t\n\n<h3>Which cellular network uses the eflea SIM card?<br \/>\n<\/h3>\n<p>The eflea phone uses the vast majority of cellular networks in your area, it uses the best network available in the local area. If you move to another area, the eflea phone will migrate to the best available network in that region.<\/p>\n\n\t\t<\/div>\n\t\t\t\t\t<\/div>\n\n\t\n\n\t<div id=\"col-760855112\" class=\"col medium-6 small-12 large-6\"  >\n\t\t\t\t<div class=\"col-inner\"  >\n\t\t\t\n\t\t\t\n\n<h3>Can I travel with the efleaconnect SIM card?<\/p>\n<\/h3>\n<p>YES, you can use your eflea phone in over 150 countries worldwide without roaming charges.<\/p>\n\n\n\t\t<\/div>\n\t\t\t\t\t<\/div>\n\n\t\n\n\t<div id=\"col-557104541\" class=\"col medium-6 small-12 large-6\"  >\n\t\t\t\t<div class=\"col-inner\"  >\n\t\t\t\n\t\t\t\n\n<h3>Is there a registration fee or a SIM card purchase fee? <\/p>\n<\/h3>\n<p>NO<\/p>\n\n\t\t<\/div>\n\t\t\t\t\t<\/div>\n\n\t\n\n\n<style>\n#row-1178905924 > .col > .col-inner {\n  padding: 30px 30px 30px 30px;\n}\n<\/style>\n<\/div>\n\n\t\t<\/div>\n\n\t\t\n<style>\n#section_1800961195 {\n  padding-top: 60px;\n  padding-bottom: 60px;\n  background-color: rgb(255,255,255);\n}\n#section_1800961195 .ux-shape-divider--top svg {\n  height: 150px;\n  --divider-top-width: 100%;\n}\n#section_1800961195 .ux-shape-divider--bottom svg {\n  height: 150px;\n  --divider-width: 100%;\n}\n<\/style>\n\t<\/section>","protected":false},"excerpt":{"rendered":"","protected":false},"author":1,"featured_media":0,"parent":0,"menu_order":0,"comment_status":"closed","ping_status":"closed","template":"page-blank.php","meta":{"footnotes":""},"class_list":["post-79","page","type-page","status-publish","hentry"],"yoast_head":"<!-- This site is optimized with the Yoast SEO Premium plugin v21.7 (Yoast SEO v21.7) - https:\/\/yoast.com\/wordpress\/plugins\/seo\/ -->\n<title>FAQ - Eflea Connect<\/title>\n<meta name=\"description\" content=\"FAQ -\" \/>\n<meta name=\"robots\" content=\"index, follow, max-snippet:-1, max-image-preview:large, max-video-preview:-1\" \/>\n<link rel=\"canonical\" href=\"https:\/\/www.efleaconnect.com\/en\/faq\/\" \/>\n<meta property=\"og:locale\" content=\"en_US\" \/>\n<meta property=\"og:type\" content=\"article\" \/>\n<meta property=\"og:title\" content=\"FAQ\" \/>\n<meta property=\"og:description\" content=\"FAQ -\" \/>\n<meta property=\"og:url\" content=\"https:\/\/www.efleaconnect.com\/en\/faq\/\" \/>\n<meta property=\"og:site_name\" content=\"Eflea Connect\" \/>\n<meta property=\"article:modified_time\" content=\"2023-10-31T14:30:55+00:00\" \/>\n<meta property=\"og:image\" content=\"https:\/\/www.efleaconnect.com\/wp-content\/uploads\/2023\/07\/SIM-intelligente.png\" \/>\n\t<meta property=\"og:image:width\" content=\"900\" \/>\n\t<meta property=\"og:image:height\" content=\"900\" \/>\n\t<meta property=\"og:image:type\" content=\"image\/png\" \/>\n<meta name=\"twitter:card\" content=\"summary_large_image\" \/>\n<meta name=\"twitter:label1\" content=\"Est. reading time\" \/>\n\t<meta name=\"twitter:data1\" content=\"1 minute\" \/>\n<script type=\"application\/ld+json\" class=\"yoast-schema-graph\">{\"@context\":\"https:\/\/schema.org\",\"@graph\":[{\"@type\":\"WebPage\",\"@id\":\"https:\/\/www.efleaconnect.com\/faq\/\",\"url\":\"https:\/\/www.efleaconnect.com\/faq\/\",\"name\":\"FAQ - Eflea Connect\",\"isPartOf\":{\"@id\":\"https:\/\/www.efleaconnect.com\/#website\"},\"datePublished\":\"2022-06-11T20:13:42+00:00\",\"dateModified\":\"2023-10-31T14:30:55+00:00\",\"description\":\"FAQ -\",\"breadcrumb\":{\"@id\":\"https:\/\/www.efleaconnect.com\/faq\/#breadcrumb\"},\"inLanguage\":\"en-US\",\"potentialAction\":[{\"@type\":\"ReadAction\",\"target\":[\"https:\/\/www.efleaconnect.com\/faq\/\"]}]},{\"@type\":\"BreadcrumbList\",\"@id\":\"https:\/\/www.efleaconnect.com\/faq\/#breadcrumb\",\"itemListElement\":[{\"@type\":\"ListItem\",\"position\":1,\"name\":\"Accueil\",\"item\":\"https:\/\/www.efleaconnect.com\/\"},{\"@type\":\"ListItem\",\"position\":2,\"name\":\"FAQ\"}]},{\"@type\":\"WebSite\",\"@id\":\"https:\/\/www.efleaconnect.com\/#website\",\"url\":\"https:\/\/www.efleaconnect.com\/\",\"name\":\"Eflea Connect\",\"description\":\"Une Connectivit\u00e9 Sans Fronti\u00e8res, M\u00eame en Voiture\",\"publisher\":{\"@id\":\"https:\/\/www.efleaconnect.com\/#organization\"},\"alternateName\":\"Eflea Connect\",\"potentialAction\":[{\"@type\":\"SearchAction\",\"target\":{\"@type\":\"EntryPoint\",\"urlTemplate\":\"https:\/\/www.efleaconnect.com\/?s={search_term_string}\"},\"query-input\":\"required name=search_term_string\"}],\"inLanguage\":\"en-US\"},{\"@type\":\"Organization\",\"@id\":\"https:\/\/www.efleaconnect.com\/#organization\",\"name\":\"EfleaConnect\",\"alternateName\":\"Une Connectivit\u00e9 Sans Fronti\u00e8res, M\u00eame en Voiture\",\"url\":\"https:\/\/www.efleaconnect.com\/\",\"logo\":{\"@type\":\"ImageObject\",\"inLanguage\":\"en-US\",\"@id\":\"https:\/\/www.efleaconnect.com\/#\/schema\/logo\/image\/\",\"url\":\"https:\/\/www.efleaconnect.com\/wp-content\/uploads\/2023\/10\/9.png\",\"contentUrl\":\"https:\/\/www.efleaconnect.com\/wp-content\/uploads\/2023\/10\/9.png\",\"width\":900,\"height\":900,\"caption\":\"EfleaConnect\"},\"image\":{\"@id\":\"https:\/\/www.efleaconnect.com\/#\/schema\/logo\/image\/\"}}]}<\/script>\n<!-- \/ Yoast SEO Premium plugin. -->","yoast_head_json":{"title":"FAQ - Eflea Connect","description":"FAQ -","robots":{"index":"index","follow":"follow","max-snippet":"max-snippet:-1","max-image-preview":"max-image-preview:large","max-video-preview":"max-video-preview:-1"},"canonical":"https:\/\/www.efleaconnect.com\/en\/faq\/","og_locale":"en_US","og_type":"article","og_title":"FAQ","og_description":"FAQ -","og_url":"https:\/\/www.efleaconnect.com\/en\/faq\/","og_site_name":"Eflea Connect","article_modified_time":"2023-10-31T14:30:55+00:00","og_image":[{"width":900,"height":900,"url":"https:\/\/www.efleaconnect.com\/wp-content\/uploads\/2023\/07\/SIM-intelligente.png","type":"image\/png"}],"twitter_card":"summary_large_image","twitter_misc":{"Est. reading time":"1 minute"},"schema":{"@context":"https:\/\/schema.org","@graph":[{"@type":"WebPage","@id":"https:\/\/www.efleaconnect.com\/faq\/","url":"https:\/\/www.efleaconnect.com\/faq\/","name":"FAQ - Eflea Connect","isPartOf":{"@id":"https:\/\/www.efleaconnect.com\/#website"},"datePublished":"2022-06-11T20:13:42+00:00","dateModified":"2023-10-31T14:30:55+00:00","description":"FAQ -","breadcrumb":{"@id":"https:\/\/www.efleaconnect.com\/faq\/#breadcrumb"},"inLanguage":"en-US","potentialAction":[{"@type":"ReadAction","target":["https:\/\/www.efleaconnect.com\/faq\/"]}]},{"@type":"BreadcrumbList","@id":"https:\/\/www.efleaconnect.com\/faq\/#breadcrumb","itemListElement":[{"@type":"ListItem","position":1,"name":"Accueil","item":"https:\/\/www.efleaconnect.com\/"},{"@type":"ListItem","position":2,"name":"FAQ"}]},{"@type":"WebSite","@id":"https:\/\/www.efleaconnect.com\/#website","url":"https:\/\/www.efleaconnect.com\/","name":"Eflea Connect","description":"Une Connectivit\u00e9 Sans Fronti\u00e8res, M\u00eame en Voiture","publisher":{"@id":"https:\/\/www.efleaconnect.com\/#organization"},"alternateName":"Eflea Connect","potentialAction":[{"@type":"SearchAction","target":{"@type":"EntryPoint","urlTemplate":"https:\/\/www.efleaconnect.com\/?s={search_term_string}"},"query-input":"required name=search_term_string"}],"inLanguage":"en-US"},{"@type":"Organization","@id":"https:\/\/www.efleaconnect.com\/#organization","name":"EfleaConnect","alternateName":"Une Connectivit\u00e9 Sans Fronti\u00e8res, M\u00eame en Voiture","url":"https:\/\/www.efleaconnect.com\/","logo":{"@type":"ImageObject","inLanguage":"en-US","@id":"https:\/\/www.efleaconnect.com\/#\/schema\/logo\/image\/","url":"https:\/\/www.efleaconnect.com\/wp-content\/uploads\/2023\/10\/9.png","contentUrl":"https:\/\/www.efleaconnect.com\/wp-content\/uploads\/2023\/10\/9.png","width":900,"height":900,"caption":"EfleaConnect"},"image":{"@id":"https:\/\/www.efleaconnect.com\/#\/schema\/logo\/image\/"}}]}},"jetpack_sharing_enabled":true,"_links":{"self":[{"href":"https:\/\/www.efleaconnect.com\/en\/wp-json\/wp\/v2\/pages\/79","targetHints":{"allow":["GET"]}}],"collection":[{"href":"https:\/\/www.efleaconnect.com\/en\/wp-json\/wp\/v2\/pages"}],"about":[{"href":"https:\/\/www.efleaconnect.com\/en\/wp-json\/wp\/v2\/types\/page"}],"author":[{"embeddable":true,"href":"https:\/\/www.efleaconnect.com\/en\/wp-json\/wp\/v2\/users\/1"}],"replies":[{"embeddable":true,"href":"https:\/\/www.efleaconnect.com\/en\/wp-json\/wp\/v2\/comments?post=79"}],"version-history":[{"count":3,"href":"https:\/\/www.efleaconnect.com\/en\/wp-json\/wp\/v2\/pages\/79\/revisions"}],"predecessor-version":[{"id":11451,"href":"https:\/\/www.efleaconnect.com\/en\/wp-json\/wp\/v2\/pages\/79\/revisions\/11451"}],"wp:attachment":[{"href":"https:\/\/www.efleaconnect.com\/en\/wp-json\/wp\/v2\/media?parent=79"}],"curies":[{"name":"wp","href":"https:\/\/api.w.org\/{rel}","templated":true}]}}